{"id":2,"date":"2015-05-08T08:29:30","date_gmt":"2015-05-08T08:29:30","guid":{"rendered":"http:\/\/www.broki.pl\/?page_id=2"},"modified":"2024-03-06T20:20:57","modified_gmt":"2024-03-06T20:20:57","slug":"sample-page","status":"publish","type":"page","link":"https:\/\/www.broki.pl\/","title":{"rendered":"Start"},"content":{"rendered":"<h2 style=\"text-align: left;\"><strong>Serdecznie witam na mojej stronie internetowej. <\/strong><\/h2>\n<h2><\/h2>\n<h2 style=\"text-align: left;\"><a href=\"https:\/\/www.broki.pl\/pomoc\/\">Pomoc zdalna<\/a><\/h2>\n<p style=\"text-align: center;\">Witam na mojej stronie domowej.<\/p>\n<p style=\"text-align: center;\">\n<p style=\"text-align: center;\">\n<p style=\"text-align: center;\">Zapraszam do zapoznania si\u0119 z <a href=\"https:\/\/www.broki.pl\/?page_id=24\">ofert\u0105 moich us\u0142ug<\/a> i do wsp\u00f3\u0142pracy oraz <a href=\"https:\/\/www.broki.pl\/?page_id=21\">kontaktu<\/a>.<\/p>\n<h2 style=\"text-align: left;\"><strong>\u00a0<\/strong><\/h2>\n<h3 style=\"text-align: center;\"><\/h3>\n<p style=\"text-align: center;\"><span style=\"color: #ffffff;\">.<\/span><\/p>\n<p>.<\/p>\n<p>.<\/p>\n<p>.<\/p>\n<p style=\"text-align: center;\"><span style=\"color: #ffffff;\">.<\/span><\/p>\n","protected":false},"excerpt":{"rendered":"<p>Serdecznie witam na mojej stronie internetowej. Pomoc zdalna Witam na mojej stronie domowej. Zapraszam do zapoznania si\u0119 z ofert\u0105 moich us\u0142ug i do wsp\u00f3\u0142pracy oraz kontaktu. \u00a0 . . . . .<\/p>\n","protected":false},"author":1,"featured_media":0,"parent":0,"menu_order":0,"comment_status":"closed","ping_status":"closed","template":"","meta":{"footnotes":""},"class_list":["post-2","page","type-page","status-publish","hentry"],"wppr_data":{"cwp_meta_box_check":"No","cwp_rev_product_name":"","cwp_rev_product_image":"","cwp_image_link":"image","cwp_rev_price":""},"jetpack_sharing_enabled":true,"_links":{"self":[{"href":"https:\/\/www.broki.pl\/index.php?rest_route=\/wp\/v2\/pages\/2","targetHints":{"allow":["GET"]}}],"collection":[{"href":"https:\/\/www.broki.pl\/index.php?rest_route=\/wp\/v2\/pages"}],"about":[{"href":"https:\/\/www.broki.pl\/index.php?rest_route=\/wp\/v2\/types\/page"}],"author":[{"embeddable":true,"href":"https:\/\/www.broki.pl\/index.php?rest_route=\/wp\/v2\/users\/1"}],"replies":[{"embeddable":true,"href":"https:\/\/www.broki.pl\/index.php?rest_route=%2Fwp%2Fv2%2Fcomments&post=2"}],"version-history":[{"count":21,"href":"https:\/\/www.broki.pl\/index.php?rest_route=\/wp\/v2\/pages\/2\/revisions"}],"predecessor-version":[{"id":84,"href":"https:\/\/www.broki.pl\/index.php?rest_route=\/wp\/v2\/pages\/2\/revisions\/84"}],"wp:attachment":[{"href":"https:\/\/www.broki.pl\/index.php?rest_route=%2Fwp%2Fv2%2Fmedia&parent=2"}],"curies":[{"name":"wp","href":"https:\/\/api.w.org\/{rel}","templated":true}]}}